{"id":732,"date":"2020-01-05T11:49:21","date_gmt":"2020-01-05T15:49:21","guid":{"rendered":"http:\/\/gadprcuyuja.gob.ec\/napo\/?page_id=732"},"modified":"2020-12-01T10:46:03","modified_gmt":"2020-12-01T14:46:03","slug":"rendicion-de-cuentas-2020","status":"publish","type":"page","link":"https:\/\/gadprcuyuja.gob.ec\/napo\/rendicion-de-cuentas-2020\/","title":{"rendered":"Rendici\u00f3n de Cuentas 2020"},"content":{"rendered":"<div class=\"art-postcontent clearfix\">\n<h1><strong>RENDICI\u00d3N DE CUENTAS ADMINISTRATIVO\u00a0<\/strong><\/h1>\n<p><strong><em>Secretaria Tesorera.<\/em><\/strong><\/p>\n<p>Marlene Mu\u00f1oz<\/p>\n<p><a href=\"https:\/\/gadprcuyuja.gob.ec\/napo\/wp-content\/uploads\/2019\/04\/rendicion-cuentas-2018.pptx\">rendici\u00f3n-cuentas-2018<\/a><\/p>\n<p>&nbsp;<\/p>\n<h1><strong>RENDICI\u00d3N DE CUENTAS VOCALES<\/strong><\/h1>\n<p><em><strong>Comisi\u00f3n de planificaci\u00f3n<\/strong><\/em><\/p>\n<p>Sra. Piedad Manitio<\/p>\n<p>&nbsp;<\/p>\n<p><em><strong>Comisi\u00f3n de Obras Publicas.<\/strong><\/em><\/p>\n<p>Rendici\u00f3n de Cuentas 2019<\/p>\n<p>Ing. Manuel Correa<\/p>\n<p><a href=\"https:\/\/gadprcuyuja.gob.ec\/napo\/wp-content\/uploads\/2020\/10\/COMISI\u00d3N-DE-OBRAS-PUBLICAS-Y-VIALIDAD-RC.pptx\">COMISI\u00d3N DE OBRAS PUBLICAS Y VIALIDAD RC<\/a><\/p>\n<p><em><strong>Comisi\u00f3n de Producci\u00f3n<\/strong><\/em><\/p>\n<p>Sra Melba Urcuango<br \/>\nRENDICION DE CUENTAS 2019<\/p>\n<p>&nbsp;<\/p>\n<p><strong><em>Comisi\u00f3n de Deportes y asuntos sociales <\/em><\/strong><\/p>\n<p>Sra,Mariela Mayag<strong><em><br \/>\n<\/em><\/strong><\/p>\n<p>RENDICION-DE-CUENTAS 2019<\/p>\n<p>&nbsp;<\/p>\n<p><em><strong>Comisi\u00f3n de Obras Publicas.<\/strong><\/em><\/p>\n<p>Rendici\u00f3n de Cuentas hasta mayo 2019<\/p>\n<p>Tglo. Cristhian Manitio<\/p>\n<p><a href=\"https:\/\/gadprcuyuja.gob.ec\/napo\/wp-content\/uploads\/2020\/12\/Rendici\u00f3n-de-cuentas-Cristhian-Manitio-2019.pdf\">Rendici\u00f3n de cuentas Cristhian Manitio 2019<\/a><\/p>\n<p><a href=\"https:\/\/gadprcuyuja.gob.ec\/napo\/wp-content\/uploads\/2020\/12\/Reporte-de-Autoridades-1.pdf\">Reporte de Autoridades (1)<\/a><\/p>\n<p>&nbsp;<\/p>\n<\/div>\n","protected":false},"excerpt":{"rendered":"<p>RENDICI\u00d3N DE CUENTAS ADMINISTRATIVO\u00a0 Secretaria Tesorera. Marlene Mu\u00f1oz rendici\u00f3n-cuentas-2018 &nbsp; RENDICI\u00d3N DE CUENTAS VOCALES Comisi\u00f3n de planificaci\u00f3n Sra. Piedad Manitio &nbsp; Comisi\u00f3n de Obras Publicas. Rendici\u00f3n de Cuentas 2019 Ing. Manuel Correa COMISI\u00d3N DE OBRAS PUBLICAS Y VIALIDAD RC Comisi\u00f3n de Producci\u00f3n Sra Melba Urcuango RENDICION DE CUENTAS 2019 &nbsp; Comisi\u00f3n de Deportes y asuntos [&hellip;]<\/p>\n","protected":false},"author":8,"featured_media":0,"parent":0,"menu_order":0,"comment_status":"closed","ping_status":"closed","template":"","meta":{"footnotes":""},"class_list":["post-732","page","type-page","status-publish","hentry"],"yoast_head":"<!-- This site is optimized with the Yoast SEO plugin v27.2 - https:\/\/yoast.com\/product\/yoast-seo-wordpress\/ -->\n<title>Rendici\u00f3n de Cuentas 2020 - GAD parroquial Cuyuja<\/title>\n<meta name=\"robots\" content=\"index, follow, max-snippet:-1, max-image-preview:large, max-video-preview:-1\" \/>\n<link rel=\"canonical\" href=\"https:\/\/gadprcuyuja.gob.ec\/napo\/rendicion-de-cuentas-2020\/\" \/>\n<meta property=\"og:locale\" content=\"es_ES\" \/>\n<meta property=\"og:type\" content=\"article\" \/>\n<meta property=\"og:title\" content=\"Rendici\u00f3n de Cuentas 2020 - GAD parroquial Cuyuja\" \/>\n<meta property=\"og:description\" content=\"RENDICI\u00d3N DE CUENTAS ADMINISTRATIVO\u00a0 Secretaria Tesorera. Marlene Mu\u00f1oz rendici\u00f3n-cuentas-2018 &nbsp; RENDICI\u00d3N DE CUENTAS VOCALES Comisi\u00f3n de planificaci\u00f3n Sra. Piedad Manitio &nbsp; Comisi\u00f3n de Obras Publicas. Rendici\u00f3n de Cuentas 2019 Ing. Manuel Correa COMISI\u00d3N DE OBRAS PUBLICAS Y VIALIDAD RC Comisi\u00f3n de Producci\u00f3n Sra Melba Urcuango RENDICION DE CUENTAS 2019 &nbsp; Comisi\u00f3n de Deportes y asuntos [&hellip;]\" \/>\n<meta property=\"og:url\" content=\"https:\/\/gadprcuyuja.gob.ec\/napo\/rendicion-de-cuentas-2020\/\" \/>\n<meta property=\"og:site_name\" content=\"GAD parroquial Cuyuja\" \/>\n<meta property=\"article:modified_time\" content=\"2020-12-01T14:46:03+00:00\" \/>\n<meta name=\"twitter:card\" content=\"summary_large_image\" \/>\n<script type=\"application\/ld+json\" class=\"yoast-schema-graph\">{\"@context\":\"https:\/\/schema.org\",\"@graph\":[{\"@type\":\"WebPage\",\"@id\":\"https:\/\/gadprcuyuja.gob.ec\/napo\/rendicion-de-cuentas-2020\/\",\"url\":\"https:\/\/gadprcuyuja.gob.ec\/napo\/rendicion-de-cuentas-2020\/\",\"name\":\"Rendici\u00f3n de Cuentas 2020 - GAD parroquial Cuyuja\",\"isPartOf\":{\"@id\":\"https:\/\/gadprcuyuja.gob.ec\/napo\/#website\"},\"datePublished\":\"2020-01-05T15:49:21+00:00\",\"dateModified\":\"2020-12-01T14:46:03+00:00\",\"breadcrumb\":{\"@id\":\"https:\/\/gadprcuyuja.gob.ec\/napo\/rendicion-de-cuentas-2020\/#breadcrumb\"},\"inLanguage\":\"es\",\"potentialAction\":[{\"@type\":\"ReadAction\",\"target\":[\"https:\/\/gadprcuyuja.gob.ec\/napo\/rendicion-de-cuentas-2020\/\"]}]},{\"@type\":\"BreadcrumbList\",\"@id\":\"https:\/\/gadprcuyuja.gob.ec\/napo\/rendicion-de-cuentas-2020\/#breadcrumb\",\"itemListElement\":[{\"@type\":\"ListItem\",\"position\":1,\"name\":\"Portada\",\"item\":\"https:\/\/gadprcuyuja.gob.ec\/napo\/\"},{\"@type\":\"ListItem\",\"position\":2,\"name\":\"Rendici\u00f3n de Cuentas 2020\"}]},{\"@type\":\"WebSite\",\"@id\":\"https:\/\/gadprcuyuja.gob.ec\/napo\/#website\",\"url\":\"https:\/\/gadprcuyuja.gob.ec\/napo\/\",\"name\":\"GAD Parroquial de Cuyuja\",\"description\":\"Sitio Oficial del GAD Parroquial Cuyuja Napo\",\"publisher\":{\"@id\":\"https:\/\/gadprcuyuja.gob.ec\/napo\/#organization\"},\"potentialAction\":[{\"@type\":\"SearchAction\",\"target\":{\"@type\":\"EntryPoint\",\"urlTemplate\":\"https:\/\/gadprcuyuja.gob.ec\/napo\/?s={search_term_string}\"},\"query-input\":{\"@type\":\"PropertyValueSpecification\",\"valueRequired\":true,\"valueName\":\"search_term_string\"}}],\"inLanguage\":\"es\"},{\"@type\":\"Organization\",\"@id\":\"https:\/\/gadprcuyuja.gob.ec\/napo\/#organization\",\"name\":\"GAD Parroquial de Cuyuja\",\"url\":\"https:\/\/gadprcuyuja.gob.ec\/napo\/\",\"logo\":{\"@type\":\"ImageObject\",\"inLanguage\":\"es\",\"@id\":\"https:\/\/gadprcuyuja.gob.ec\/napo\/#\/schema\/logo\/image\/\",\"url\":\"https:\/\/gadprcuyuja.gob.ec\/napo\/wp-content\/uploads\/2020\/06\/thumbnail-550x676-1.png\",\"contentUrl\":\"https:\/\/gadprcuyuja.gob.ec\/napo\/wp-content\/uploads\/2020\/06\/thumbnail-550x676-1.png\",\"width\":550,\"height\":676,\"caption\":\"GAD Parroquial de Cuyuja\"},\"image\":{\"@id\":\"https:\/\/gadprcuyuja.gob.ec\/napo\/#\/schema\/logo\/image\/\"}}]}<\/script>\n<!-- \/ Yoast SEO plugin. -->","yoast_head_json":{"title":"Rendici\u00f3n de Cuentas 2020 - GAD parroquial Cuyuja","robots":{"index":"index","follow":"follow","max-snippet":"max-snippet:-1","max-image-preview":"max-image-preview:large","max-video-preview":"max-video-preview:-1"},"canonical":"https:\/\/gadprcuyuja.gob.ec\/napo\/rendicion-de-cuentas-2020\/","og_locale":"es_ES","og_type":"article","og_title":"Rendici\u00f3n de Cuentas 2020 - GAD parroquial Cuyuja","og_description":"RENDICI\u00d3N DE CUENTAS ADMINISTRATIVO\u00a0 Secretaria Tesorera. Marlene Mu\u00f1oz rendici\u00f3n-cuentas-2018 &nbsp; RENDICI\u00d3N DE CUENTAS VOCALES Comisi\u00f3n de planificaci\u00f3n Sra. Piedad Manitio &nbsp; Comisi\u00f3n de Obras Publicas. Rendici\u00f3n de Cuentas 2019 Ing. Manuel Correa COMISI\u00d3N DE OBRAS PUBLICAS Y VIALIDAD RC Comisi\u00f3n de Producci\u00f3n Sra Melba Urcuango RENDICION DE CUENTAS 2019 &nbsp; Comisi\u00f3n de Deportes y asuntos [&hellip;]","og_url":"https:\/\/gadprcuyuja.gob.ec\/napo\/rendicion-de-cuentas-2020\/","og_site_name":"GAD parroquial Cuyuja","article_modified_time":"2020-12-01T14:46:03+00:00","twitter_card":"summary_large_image","schema":{"@context":"https:\/\/schema.org","@graph":[{"@type":"WebPage","@id":"https:\/\/gadprcuyuja.gob.ec\/napo\/rendicion-de-cuentas-2020\/","url":"https:\/\/gadprcuyuja.gob.ec\/napo\/rendicion-de-cuentas-2020\/","name":"Rendici\u00f3n de Cuentas 2020 - GAD parroquial Cuyuja","isPartOf":{"@id":"https:\/\/gadprcuyuja.gob.ec\/napo\/#website"},"datePublished":"2020-01-05T15:49:21+00:00","dateModified":"2020-12-01T14:46:03+00:00","breadcrumb":{"@id":"https:\/\/gadprcuyuja.gob.ec\/napo\/rendicion-de-cuentas-2020\/#breadcrumb"},"inLanguage":"es","potentialAction":[{"@type":"ReadAction","target":["https:\/\/gadprcuyuja.gob.ec\/napo\/rendicion-de-cuentas-2020\/"]}]},{"@type":"BreadcrumbList","@id":"https:\/\/gadprcuyuja.gob.ec\/napo\/rendicion-de-cuentas-2020\/#breadcrumb","itemListElement":[{"@type":"ListItem","position":1,"name":"Portada","item":"https:\/\/gadprcuyuja.gob.ec\/napo\/"},{"@type":"ListItem","position":2,"name":"Rendici\u00f3n de Cuentas 2020"}]},{"@type":"WebSite","@id":"https:\/\/gadprcuyuja.gob.ec\/napo\/#website","url":"https:\/\/gadprcuyuja.gob.ec\/napo\/","name":"GAD Parroquial de Cuyuja","description":"Sitio Oficial del GAD Parroquial Cuyuja Napo","publisher":{"@id":"https:\/\/gadprcuyuja.gob.ec\/napo\/#organization"},"potentialAction":[{"@type":"SearchAction","target":{"@type":"EntryPoint","urlTemplate":"https:\/\/gadprcuyuja.gob.ec\/napo\/?s={search_term_string}"},"query-input":{"@type":"PropertyValueSpecification","valueRequired":true,"valueName":"search_term_string"}}],"inLanguage":"es"},{"@type":"Organization","@id":"https:\/\/gadprcuyuja.gob.ec\/napo\/#organization","name":"GAD Parroquial de Cuyuja","url":"https:\/\/gadprcuyuja.gob.ec\/napo\/","logo":{"@type":"ImageObject","inLanguage":"es","@id":"https:\/\/gadprcuyuja.gob.ec\/napo\/#\/schema\/logo\/image\/","url":"https:\/\/gadprcuyuja.gob.ec\/napo\/wp-content\/uploads\/2020\/06\/thumbnail-550x676-1.png","contentUrl":"https:\/\/gadprcuyuja.gob.ec\/napo\/wp-content\/uploads\/2020\/06\/thumbnail-550x676-1.png","width":550,"height":676,"caption":"GAD Parroquial de Cuyuja"},"image":{"@id":"https:\/\/gadprcuyuja.gob.ec\/napo\/#\/schema\/logo\/image\/"}}]}},"_links":{"self":[{"href":"https:\/\/gadprcuyuja.gob.ec\/napo\/wp-json\/wp\/v2\/pages\/732","targetHints":{"allow":["GET"]}}],"collection":[{"href":"https:\/\/gadprcuyuja.gob.ec\/napo\/wp-json\/wp\/v2\/pages"}],"about":[{"href":"https:\/\/gadprcuyuja.gob.ec\/napo\/wp-json\/wp\/v2\/types\/page"}],"author":[{"embeddable":true,"href":"https:\/\/gadprcuyuja.gob.ec\/napo\/wp-json\/wp\/v2\/users\/8"}],"replies":[{"embeddable":true,"href":"https:\/\/gadprcuyuja.gob.ec\/napo\/wp-json\/wp\/v2\/comments?post=732"}],"version-history":[{"count":5,"href":"https:\/\/gadprcuyuja.gob.ec\/napo\/wp-json\/wp\/v2\/pages\/732\/revisions"}],"predecessor-version":[{"id":932,"href":"https:\/\/gadprcuyuja.gob.ec\/napo\/wp-json\/wp\/v2\/pages\/732\/revisions\/932"}],"wp:attachment":[{"href":"https:\/\/gadprcuyuja.gob.ec\/napo\/wp-json\/wp\/v2\/media?parent=732"}],"curies":[{"name":"wp","href":"https:\/\/api.w.org\/{rel}","templated":true}]}}