{"id":1272,"date":"2026-04-02T17:49:03","date_gmt":"2026-04-02T21:49:03","guid":{"rendered":"https:\/\/gadprcuyuja.gob.ec\/napo\/?page_id=1272"},"modified":"2026-04-15T13:07:58","modified_gmt":"2026-04-15T17:07:58","slug":"cascadas","status":"publish","type":"page","link":"https:\/\/gadprcuyuja.gob.ec\/napo\/cascadas\/","title":{"rendered":"Cascadas"},"content":{"rendered":"\t\t<div data-elementor-type=\"wp-page\" data-elementor-id=\"1272\" class=\"elementor elementor-1272\" data-elementor-settings=\"[]\">\n\t\t\t<div class=\"elementor-inner\">\n\t\t\t\t<div class=\"elementor-section-wrap\">\n\t\t\t\t\t\t\t<section class=\"elementor-element elementor-element-f599b1e elementor-section-full_width elementor-section-height-min-height elementor-section-height-default elementor-section-items-middle elementor-invisible elementor-section elementor-top-section\" data-id=\"f599b1e\" data-element_type=\"section\" data-settings=\"{&quot;background_background&quot;:&quot;classic&quot;,&quot;animation&quot;:&quot;fadeIn&quot;}\">\n\t\t\t\t\t\t\t<div class=\"elementor-background-overlay\"><\/div>\n\t\t\t\t\t\t\t<div class=\"elementor-container elementor-column-gap-wider\">\n\t\t\t\t<div class=\"elementor-row\">\n\t\t\t\t<div class=\"elementor-element elementor-element-d024714 elementor-column elementor-col-100 elementor-top-column\" data-id=\"d024714\" data-element_type=\"column\">\n\t\t\t<div class=\"elementor-column-wrap  elementor-element-populated\">\n\t\t\t\t\t<div class=\"elementor-widget-wrap\">\n\t\t\t\t<div class=\"elementor-element elementor-element-ea17f02 elementor-widget elementor-widget-heading\" data-id=\"ea17f02\" data-element_type=\"widget\" data-widget_type=\"heading.default\">\n\t\t\t\t<div class=\"elementor-widget-container\">\n\t\t\t<h2 class=\"elementor-heading-title elementor-size-default\">CASCADAS<\/h2>\t\t<\/div>\n\t\t\t\t<\/div>\n\t\t\t\t\t\t<\/div>\n\t\t\t<\/div>\n\t\t<\/div>\n\t\t\t\t\t\t<\/div>\n\t\t\t<\/div>\n\t\t<\/section>\n\t\t\t\t<section class=\"elementor-element elementor-element-6a29621 elementor-section-boxed elementor-section-height-default elementor-section-height-default elementor-section elementor-top-section\" data-id=\"6a29621\" data-element_type=\"section\">\n\t\t\t\t\t\t<div class=\"elementor-container elementor-column-gap-default\">\n\t\t\t\t<div class=\"elementor-row\">\n\t\t\t\t<div class=\"elementor-element elementor-element-fb9e296 elementor-column elementor-col-100 elementor-top-column\" data-id=\"fb9e296\" data-element_type=\"column\">\n\t\t\t<div class=\"elementor-column-wrap\">\n\t\t\t\t\t<div class=\"elementor-widget-wrap\">\n\t\t\t\t\t\t<\/div>\n\t\t\t<\/div>\n\t\t<\/div>\n\t\t\t\t\t\t<\/div>\n\t\t\t<\/div>\n\t\t<\/section>\n\t\t\t\t<section class=\"elementor-element elementor-element-eba9822 elementor-section-boxed elementor-section-height-default elementor-section-height-default elementor-section elementor-top-section\" data-id=\"eba9822\" data-element_type=\"section\">\n\t\t\t\t\t\t<div class=\"elementor-container elementor-column-gap-default\">\n\t\t\t\t<div class=\"elementor-row\">\n\t\t\t\t<div class=\"elementor-element elementor-element-29f0451 elementor-column elementor-col-50 elementor-top-column\" data-id=\"29f0451\" data-element_type=\"column\">\n\t\t\t<div class=\"elementor-column-wrap  elementor-element-populated\">\n\t\t\t\t\t<div class=\"elementor-widget-wrap\">\n\t\t\t\t<div class=\"elementor-element elementor-element-3ba5cc5 elementor-widget elementor-widget-image-carousel\" data-id=\"3ba5cc5\" data-element_type=\"widget\" data-settings=\"{&quot;slides_to_show&quot;:&quot;1&quot;,&quot;navigation&quot;:&quot;none&quot;,&quot;autoplay&quot;:&quot;yes&quot;,&quot;pause_on_hover&quot;:&quot;yes&quot;,&quot;pause_on_interaction&quot;:&quot;yes&quot;,&quot;autoplay_speed&quot;:5000,&quot;infinite&quot;:&quot;yes&quot;,&quot;effect&quot;:&quot;slide&quot;,&quot;speed&quot;:500,&quot;direction&quot;:&quot;ltr&quot;}\" data-widget_type=\"image-carousel.default\">\n\t\t\t\t<div class=\"elementor-widget-container\">\n\t\t\t\t\t<div class=\"elementor-image-carousel-wrapper swiper-container\" dir=\"ltr\">\n\t\t\t<div class=\"elementor-image-carousel swiper-wrapper\">\n\t\t\t\t<div class=\"swiper-slide\"><figure class=\"swiper-slide-inner\"><img decoding=\"async\" class=\"swiper-slide-image\" src=\"https:\/\/gadprcuyuja.gob.ec\/napo\/wp-content\/uploads\/2026\/04\/076b7d6a-1fbf-46eb-8e0e-e891b32b398d.jpg\" alt=\"076b7d6a-1fbf-46eb-8e0e-e891b32b398d\" \/><\/figure><\/div>\t\t\t<\/div>\n\t\t\t\t\t<\/div>\n\t\t\t\t<\/div>\n\t\t\t\t<\/div>\n\t\t\t\t\t\t<\/div>\n\t\t\t<\/div>\n\t\t<\/div>\n\t\t\t\t<div class=\"elementor-element elementor-element-0bbc24c elementor-column elementor-col-50 elementor-top-column\" data-id=\"0bbc24c\" data-element_type=\"column\">\n\t\t\t<div class=\"elementor-column-wrap  elementor-element-populated\">\n\t\t\t\t\t<div class=\"elementor-widget-wrap\">\n\t\t\t\t<div class=\"elementor-element elementor-element-844d1aa elementor-widget elementor-widget-text-editor\" data-id=\"844d1aa\" data-element_type=\"widget\" data-widget_type=\"text-editor.default\">\n\t\t\t\t<div class=\"elementor-widget-container\">\n\t\t\t\t\t<div class=\"elementor-text-editor elementor-clearfix\"><p data-path-to-node=\"0\">La regi\u00f3n que enlaza Papallacta con Cuyuja se erige como un aut\u00e9ntico e inabarcable santuario de ca\u00eddas de agua, configur\u00e1ndose como un despliegue natural de belleza inigualable en la zona de transici\u00f3n estrat\u00e9gica donde la imponente cordillera oriental de los Andes se entrega a la humedad de la cuenca amaz\u00f3nica. Este ecosistema privilegiado es alimentado perpetuamente por las constantes precipitaciones del bosque nublado y el deshielo cristalino de los legendarios nevados Antisana y Cayambe, dando vida a lo que se conoce como el \u00abCintur\u00f3n de Cristal\u00bb: una red h\u00eddrica de pureza absoluta que var\u00eda desde sutiles hilos de agua sobre roca volc\u00e1nica hasta potentes y estruendosos saltos que resuenan en la espesura de la selva alta. La traves\u00eda comienza con la serenidad de las cascadas del Sendero \u00abLa Isla\u00bb en Papallacta, un recorrido de baja dificultad donde el agua fr\u00eda serpentea entre \u00e1rboles de polylepis y orqu\u00eddeas, ofreciendo el refugio perfecto para el avistamiento del esquivo pato de torrente en un entorno familiar y educativo. Al avanzar por la carretera Interoce\u00e1nica, surge la ic\u00f3nica Cascada de la Virgen, un hito visual de elegancia vertical que desciende por paredes de roca negra y se ha convertido en una parada obligatoria para quienes buscan capturar la esencia del paisaje andino antes de profundizar en el Oriente. Sin embargo, es al llegar a la parroquia de Cuyuja donde el agua adquiere su car\u00e1cter m\u00e1s salvaje y aventurero; aqu\u00ed, la Cascada de los Escaladores y los impetuosos saltos del R\u00edo Victoria no solo ofrecen un oasis de frescura para los deportistas extremos, sino que se consolidan como el escenario ideal para el <i data-path-to-node=\"1\" data-index-in-node=\"920\">canyoning<\/i> y la inmersi\u00f3n total en microclimas de bosque h\u00famedo. Este corredor h\u00eddrico alcanza su cl\u00edmax de exclusividad en las profundidades del Parque Nacional Cayambe-Coca, un territorio de expedici\u00f3n de alta dificultad donde se ocultan cascadas v\u00edrgenes rodeadas de helechos gigantes y musgos milenarios, regalando al viajero una experiencia de soledad m\u00edstica y conexi\u00f3n primordial que representa, sin duda alguna, el secreto mejor guardado de la biodiversidad y el ecoturismo de aventura en el coraz\u00f3n del Ecuador.<\/p><\/div>\n\t\t\t\t<\/div>\n\t\t\t\t<\/div>\n\t\t\t\t\t\t<\/div>\n\t\t\t<\/div>\n\t\t<\/div>\n\t\t\t\t\t\t<\/div>\n\t\t\t<\/div>\n\t\t<\/section>\n\t\t\t\t\t\t<\/div>\n\t\t\t<\/div>\n\t\t<\/div>\n\t\t","protected":false},"excerpt":{"rendered":"<p>CASCADAS La regi\u00f3n que enlaza Papallacta con Cuyuja se erige como un aut\u00e9ntico e inabarcable santuario de ca\u00eddas de agua, configur\u00e1ndose como un despliegue natural de belleza inigualable en la zona de transici\u00f3n estrat\u00e9gica donde la imponente cordillera oriental de los Andes se entrega a la humedad de la cuenca amaz\u00f3nica. Este ecosistema privilegiado es [&hellip;]<\/p>\n","protected":false},"author":9,"featured_media":0,"parent":0,"menu_order":0,"comment_status":"closed","ping_status":"closed","template":"","meta":{"footnotes":""},"class_list":["post-1272","page","type-page","status-publish","hentry"],"yoast_head":"<!-- This site is optimized with the Yoast SEO plugin v27.2 - https:\/\/yoast.com\/product\/yoast-seo-wordpress\/ -->\n<title>Cascadas - GAD parroquial Cuyuja<\/title>\n<meta name=\"robots\" content=\"index, follow, max-snippet:-1, max-image-preview:large, max-video-preview:-1\" \/>\n<link rel=\"canonical\" href=\"https:\/\/gadprcuyuja.gob.ec\/napo\/cascadas\/\" \/>\n<meta property=\"og:locale\" content=\"es_ES\" \/>\n<meta property=\"og:type\" content=\"article\" \/>\n<meta property=\"og:title\" content=\"Cascadas - GAD parroquial Cuyuja\" \/>\n<meta property=\"og:description\" content=\"CASCADAS La regi\u00f3n que enlaza Papallacta con Cuyuja se erige como un aut\u00e9ntico e inabarcable santuario de ca\u00eddas de agua, configur\u00e1ndose como un despliegue natural de belleza inigualable en la zona de transici\u00f3n estrat\u00e9gica donde la imponente cordillera oriental de los Andes se entrega a la humedad de la cuenca amaz\u00f3nica. Este ecosistema privilegiado es [&hellip;]\" \/>\n<meta property=\"og:url\" content=\"https:\/\/gadprcuyuja.gob.ec\/napo\/cascadas\/\" \/>\n<meta property=\"og:site_name\" content=\"GAD parroquial Cuyuja\" \/>\n<meta property=\"article:modified_time\" content=\"2026-04-15T17:07:58+00:00\" \/>\n<meta property=\"og:image\" content=\"https:\/\/gadprcuyuja.gob.ec\/napo\/wp-content\/uploads\/2026\/04\/076b7d6a-1fbf-46eb-8e0e-e891b32b398d.jpg\" \/>\n<meta name=\"twitter:card\" content=\"summary_large_image\" \/>\n<meta name=\"twitter:label1\" content=\"Tiempo de lectura\" \/>\n\t<meta name=\"twitter:data1\" content=\"2 minutos\" \/>\n<script type=\"application\/ld+json\" class=\"yoast-schema-graph\">{\"@context\":\"https:\/\/schema.org\",\"@graph\":[{\"@type\":\"WebPage\",\"@id\":\"https:\/\/gadprcuyuja.gob.ec\/napo\/cascadas\/\",\"url\":\"https:\/\/gadprcuyuja.gob.ec\/napo\/cascadas\/\",\"name\":\"Cascadas - GAD parroquial Cuyuja\",\"isPartOf\":{\"@id\":\"https:\/\/gadprcuyuja.gob.ec\/napo\/#website\"},\"primaryImageOfPage\":{\"@id\":\"https:\/\/gadprcuyuja.gob.ec\/napo\/cascadas\/#primaryimage\"},\"image\":{\"@id\":\"https:\/\/gadprcuyuja.gob.ec\/napo\/cascadas\/#primaryimage\"},\"thumbnailUrl\":\"https:\/\/gadprcuyuja.gob.ec\/napo\/wp-content\/uploads\/2026\/04\/076b7d6a-1fbf-46eb-8e0e-e891b32b398d.jpg\",\"datePublished\":\"2026-04-02T21:49:03+00:00\",\"dateModified\":\"2026-04-15T17:07:58+00:00\",\"breadcrumb\":{\"@id\":\"https:\/\/gadprcuyuja.gob.ec\/napo\/cascadas\/#breadcrumb\"},\"inLanguage\":\"es\",\"potentialAction\":[{\"@type\":\"ReadAction\",\"target\":[\"https:\/\/gadprcuyuja.gob.ec\/napo\/cascadas\/\"]}]},{\"@type\":\"ImageObject\",\"inLanguage\":\"es\",\"@id\":\"https:\/\/gadprcuyuja.gob.ec\/napo\/cascadas\/#primaryimage\",\"url\":\"https:\/\/gadprcuyuja.gob.ec\/napo\/wp-content\/uploads\/2026\/04\/076b7d6a-1fbf-46eb-8e0e-e891b32b398d.jpg\",\"contentUrl\":\"https:\/\/gadprcuyuja.gob.ec\/napo\/wp-content\/uploads\/2026\/04\/076b7d6a-1fbf-46eb-8e0e-e891b32b398d.jpg\",\"width\":1200,\"height\":1600},{\"@type\":\"BreadcrumbList\",\"@id\":\"https:\/\/gadprcuyuja.gob.ec\/napo\/cascadas\/#breadcrumb\",\"itemListElement\":[{\"@type\":\"ListItem\",\"position\":1,\"name\":\"Portada\",\"item\":\"https:\/\/gadprcuyuja.gob.ec\/napo\/\"},{\"@type\":\"ListItem\",\"position\":2,\"name\":\"Cascadas\"}]},{\"@type\":\"WebSite\",\"@id\":\"https:\/\/gadprcuyuja.gob.ec\/napo\/#website\",\"url\":\"https:\/\/gadprcuyuja.gob.ec\/napo\/\",\"name\":\"GAD Parroquial de Cuyuja\",\"description\":\"Sitio Oficial del GAD Parroquial Cuyuja Napo\",\"publisher\":{\"@id\":\"https:\/\/gadprcuyuja.gob.ec\/napo\/#organization\"},\"potentialAction\":[{\"@type\":\"SearchAction\",\"target\":{\"@type\":\"EntryPoint\",\"urlTemplate\":\"https:\/\/gadprcuyuja.gob.ec\/napo\/?s={search_term_string}\"},\"query-input\":{\"@type\":\"PropertyValueSpecification\",\"valueRequired\":true,\"valueName\":\"search_term_string\"}}],\"inLanguage\":\"es\"},{\"@type\":\"Organization\",\"@id\":\"https:\/\/gadprcuyuja.gob.ec\/napo\/#organization\",\"name\":\"GAD Parroquial de Cuyuja\",\"url\":\"https:\/\/gadprcuyuja.gob.ec\/napo\/\",\"logo\":{\"@type\":\"ImageObject\",\"inLanguage\":\"es\",\"@id\":\"https:\/\/gadprcuyuja.gob.ec\/napo\/#\/schema\/logo\/image\/\",\"url\":\"https:\/\/gadprcuyuja.gob.ec\/napo\/wp-content\/uploads\/2020\/06\/thumbnail-550x676-1.png\",\"contentUrl\":\"https:\/\/gadprcuyuja.gob.ec\/napo\/wp-content\/uploads\/2020\/06\/thumbnail-550x676-1.png\",\"width\":550,\"height\":676,\"caption\":\"GAD Parroquial de Cuyuja\"},\"image\":{\"@id\":\"https:\/\/gadprcuyuja.gob.ec\/napo\/#\/schema\/logo\/image\/\"}}]}<\/script>\n<!-- \/ Yoast SEO plugin. -->","yoast_head_json":{"title":"Cascadas - GAD parroquial Cuyuja","robots":{"index":"index","follow":"follow","max-snippet":"max-snippet:-1","max-image-preview":"max-image-preview:large","max-video-preview":"max-video-preview:-1"},"canonical":"https:\/\/gadprcuyuja.gob.ec\/napo\/cascadas\/","og_locale":"es_ES","og_type":"article","og_title":"Cascadas - GAD parroquial Cuyuja","og_description":"CASCADAS La regi\u00f3n que enlaza Papallacta con Cuyuja se erige como un aut\u00e9ntico e inabarcable santuario de ca\u00eddas de agua, configur\u00e1ndose como un despliegue natural de belleza inigualable en la zona de transici\u00f3n estrat\u00e9gica donde la imponente cordillera oriental de los Andes se entrega a la humedad de la cuenca amaz\u00f3nica. Este ecosistema privilegiado es [&hellip;]","og_url":"https:\/\/gadprcuyuja.gob.ec\/napo\/cascadas\/","og_site_name":"GAD parroquial Cuyuja","article_modified_time":"2026-04-15T17:07:58+00:00","og_image":[{"url":"https:\/\/gadprcuyuja.gob.ec\/napo\/wp-content\/uploads\/2026\/04\/076b7d6a-1fbf-46eb-8e0e-e891b32b398d.jpg","type":"","width":"","height":""}],"twitter_card":"summary_large_image","twitter_misc":{"Tiempo de lectura":"2 minutos"},"schema":{"@context":"https:\/\/schema.org","@graph":[{"@type":"WebPage","@id":"https:\/\/gadprcuyuja.gob.ec\/napo\/cascadas\/","url":"https:\/\/gadprcuyuja.gob.ec\/napo\/cascadas\/","name":"Cascadas - GAD parroquial Cuyuja","isPartOf":{"@id":"https:\/\/gadprcuyuja.gob.ec\/napo\/#website"},"primaryImageOfPage":{"@id":"https:\/\/gadprcuyuja.gob.ec\/napo\/cascadas\/#primaryimage"},"image":{"@id":"https:\/\/gadprcuyuja.gob.ec\/napo\/cascadas\/#primaryimage"},"thumbnailUrl":"https:\/\/gadprcuyuja.gob.ec\/napo\/wp-content\/uploads\/2026\/04\/076b7d6a-1fbf-46eb-8e0e-e891b32b398d.jpg","datePublished":"2026-04-02T21:49:03+00:00","dateModified":"2026-04-15T17:07:58+00:00","breadcrumb":{"@id":"https:\/\/gadprcuyuja.gob.ec\/napo\/cascadas\/#breadcrumb"},"inLanguage":"es","potentialAction":[{"@type":"ReadAction","target":["https:\/\/gadprcuyuja.gob.ec\/napo\/cascadas\/"]}]},{"@type":"ImageObject","inLanguage":"es","@id":"https:\/\/gadprcuyuja.gob.ec\/napo\/cascadas\/#primaryimage","url":"https:\/\/gadprcuyuja.gob.ec\/napo\/wp-content\/uploads\/2026\/04\/076b7d6a-1fbf-46eb-8e0e-e891b32b398d.jpg","contentUrl":"https:\/\/gadprcuyuja.gob.ec\/napo\/wp-content\/uploads\/2026\/04\/076b7d6a-1fbf-46eb-8e0e-e891b32b398d.jpg","width":1200,"height":1600},{"@type":"BreadcrumbList","@id":"https:\/\/gadprcuyuja.gob.ec\/napo\/cascadas\/#breadcrumb","itemListElement":[{"@type":"ListItem","position":1,"name":"Portada","item":"https:\/\/gadprcuyuja.gob.ec\/napo\/"},{"@type":"ListItem","position":2,"name":"Cascadas"}]},{"@type":"WebSite","@id":"https:\/\/gadprcuyuja.gob.ec\/napo\/#website","url":"https:\/\/gadprcuyuja.gob.ec\/napo\/","name":"GAD Parroquial de Cuyuja","description":"Sitio Oficial del GAD Parroquial Cuyuja Napo","publisher":{"@id":"https:\/\/gadprcuyuja.gob.ec\/napo\/#organization"},"potentialAction":[{"@type":"SearchAction","target":{"@type":"EntryPoint","urlTemplate":"https:\/\/gadprcuyuja.gob.ec\/napo\/?s={search_term_string}"},"query-input":{"@type":"PropertyValueSpecification","valueRequired":true,"valueName":"search_term_string"}}],"inLanguage":"es"},{"@type":"Organization","@id":"https:\/\/gadprcuyuja.gob.ec\/napo\/#organization","name":"GAD Parroquial de Cuyuja","url":"https:\/\/gadprcuyuja.gob.ec\/napo\/","logo":{"@type":"ImageObject","inLanguage":"es","@id":"https:\/\/gadprcuyuja.gob.ec\/napo\/#\/schema\/logo\/image\/","url":"https:\/\/gadprcuyuja.gob.ec\/napo\/wp-content\/uploads\/2020\/06\/thumbnail-550x676-1.png","contentUrl":"https:\/\/gadprcuyuja.gob.ec\/napo\/wp-content\/uploads\/2020\/06\/thumbnail-550x676-1.png","width":550,"height":676,"caption":"GAD Parroquial de Cuyuja"},"image":{"@id":"https:\/\/gadprcuyuja.gob.ec\/napo\/#\/schema\/logo\/image\/"}}]}},"_links":{"self":[{"href":"https:\/\/gadprcuyuja.gob.ec\/napo\/wp-json\/wp\/v2\/pages\/1272","targetHints":{"allow":["GET"]}}],"collection":[{"href":"https:\/\/gadprcuyuja.gob.ec\/napo\/wp-json\/wp\/v2\/pages"}],"about":[{"href":"https:\/\/gadprcuyuja.gob.ec\/napo\/wp-json\/wp\/v2\/types\/page"}],"author":[{"embeddable":true,"href":"https:\/\/gadprcuyuja.gob.ec\/napo\/wp-json\/wp\/v2\/users\/9"}],"replies":[{"embeddable":true,"href":"https:\/\/gadprcuyuja.gob.ec\/napo\/wp-json\/wp\/v2\/comments?post=1272"}],"version-history":[{"count":9,"href":"https:\/\/gadprcuyuja.gob.ec\/napo\/wp-json\/wp\/v2\/pages\/1272\/revisions"}],"predecessor-version":[{"id":1412,"href":"https:\/\/gadprcuyuja.gob.ec\/napo\/wp-json\/wp\/v2\/pages\/1272\/revisions\/1412"}],"wp:attachment":[{"href":"https:\/\/gadprcuyuja.gob.ec\/napo\/wp-json\/wp\/v2\/media?parent=1272"}],"curies":[{"name":"wp","href":"https:\/\/api.w.org\/{rel}","templated":true}]}}